{"id":919,"date":"2021-11-02T09:02:16","date_gmt":"2021-11-02T09:02:16","guid":{"rendered":"https:\/\/www.haparandastadshotell.se\/ett-hotell-med-anor\/"},"modified":"2026-03-25T13:42:42","modified_gmt":"2026-03-25T13:42:42","slug":"a-stay-in-history","status":"publish","type":"page","link":"https:\/\/www.haparandastadshotell.se\/en\/a-stay-in-history\/","title":{"rendered":"A stay in history"},"content":{"rendered":"","protected":false},"excerpt":{"rendered":"","protected":false},"author":4,"featured_media":0,"parent":0,"menu_order":0,"comment_status":"closed","ping_status":"closed","template":"","meta":{"_acf_changed":false,"footnotes":""},"class_list":["post-919","page","type-page","status-publish","hentry"],"acf":[],"yoast_head":"<!-- This site is optimized with the Yoast SEO plugin v27.4 - https:\/\/yoast.com\/product\/yoast-seo-wordpress\/ -->\n<title>A stay in history - Haparanda Stadshotell<\/title>\n<meta name=\"robots\" content=\"index, follow, max-snippet:-1, max-image-preview:large, max-video-preview:-1\" \/>\n<link rel=\"canonical\" href=\"https:\/\/www.haparandastadshotell.se\/en\/a-stay-in-history\/\" \/>\n<meta property=\"og:locale\" content=\"en_US\" \/>\n<meta property=\"og:type\" content=\"article\" \/>\n<meta property=\"og:title\" content=\"A stay in history - Haparanda Stadshotell\" \/>\n<meta property=\"og:url\" content=\"https:\/\/www.haparandastadshotell.se\/en\/a-stay-in-history\/\" \/>\n<meta property=\"og:site_name\" content=\"Haparanda Stadshotell\" \/>\n<meta property=\"article:publisher\" content=\"https:\/\/www.facebook.com\/HaparandaStadshotell\" \/>\n<meta property=\"article:modified_time\" content=\"2026-03-25T13:42:42+00:00\" \/>\n<meta property=\"og:image\" content=\"https:\/\/coastallapland.ohmyhosting.se\/wp-content\/uploads\/sites\/4\/2021\/03\/haparanda_og.jpg\" \/>\n\t<meta property=\"og:image:width\" content=\"1200\" \/>\n\t<meta property=\"og:image:height\" content=\"630\" \/>\n\t<meta property=\"og:image:type\" content=\"image\/jpeg\" \/>\n<meta name=\"twitter:card\" content=\"summary_large_image\" \/>\n<script type=\"application\/ld+json\" class=\"yoast-schema-graph\">{\"@context\":\"https:\\\/\\\/schema.org\",\"@graph\":[{\"@type\":\"WebPage\",\"@id\":\"https:\\\/\\\/www.haparandastadshotell.se\\\/en\\\/a-stay-in-history\\\/\",\"url\":\"https:\\\/\\\/www.haparandastadshotell.se\\\/en\\\/a-stay-in-history\\\/\",\"name\":\"A stay in history - Haparanda Stadshotell\",\"isPartOf\":{\"@id\":\"https:\\\/\\\/www.haparandastadshotell.se\\\/en\\\/#website\"},\"datePublished\":\"2021-11-02T09:02:16+00:00\",\"dateModified\":\"2026-03-25T13:42:42+00:00\",\"breadcrumb\":{\"@id\":\"https:\\\/\\\/www.haparandastadshotell.se\\\/en\\\/a-stay-in-history\\\/#breadcrumb\"},\"inLanguage\":\"en-US\",\"potentialAction\":[{\"@type\":\"ReadAction\",\"target\":[\"https:\\\/\\\/www.haparandastadshotell.se\\\/en\\\/a-stay-in-history\\\/\"]}]},{\"@type\":\"BreadcrumbList\",\"@id\":\"https:\\\/\\\/www.haparandastadshotell.se\\\/en\\\/a-stay-in-history\\\/#breadcrumb\",\"itemListElement\":[{\"@type\":\"ListItem\",\"position\":1,\"name\":\"Home\",\"item\":\"https:\\\/\\\/www.haparandastadshotell.se\\\/en\\\/\"},{\"@type\":\"ListItem\",\"position\":2,\"name\":\"A stay in history\"}]},{\"@type\":\"WebSite\",\"@id\":\"https:\\\/\\\/www.haparandastadshotell.se\\\/en\\\/#website\",\"url\":\"https:\\\/\\\/www.haparandastadshotell.se\\\/en\\\/\",\"name\":\"Haparanda Stadshotell\",\"description\":\"Ett av sekelskiftets mest ber\u00f6mda hotell med den gamla genuina karakt\u00e4ren av ett stadshotell; r\u00f6d plysch, kristallkronor, stuckatur.\",\"publisher\":{\"@id\":\"https:\\\/\\\/www.haparandastadshotell.se\\\/en\\\/#organization\"},\"potentialAction\":[{\"@type\":\"SearchAction\",\"target\":{\"@type\":\"EntryPoint\",\"urlTemplate\":\"https:\\\/\\\/www.haparandastadshotell.se\\\/en\\\/?s={search_term_string}\"},\"query-input\":{\"@type\":\"PropertyValueSpecification\",\"valueRequired\":true,\"valueName\":\"search_term_string\"}}],\"inLanguage\":\"en-US\"},{\"@type\":\"Organization\",\"@id\":\"https:\\\/\\\/www.haparandastadshotell.se\\\/en\\\/#organization\",\"name\":\"Haparanda Stadshotell AB\",\"alternateName\":\"Haparanda Stadshotell AB\",\"url\":\"https:\\\/\\\/www.haparandastadshotell.se\\\/en\\\/\",\"logo\":{\"@type\":\"ImageObject\",\"inLanguage\":\"en-US\",\"@id\":\"https:\\\/\\\/www.haparandastadshotell.se\\\/en\\\/#\\\/schema\\\/logo\\\/image\\\/\",\"url\":\"https:\\\/\\\/coastallapland.ohmyhosting.se\\\/wp-content\\\/uploads\\\/sites\\\/4\\\/2021\\\/03\\\/haparanda_og.jpg\",\"contentUrl\":\"https:\\\/\\\/coastallapland.ohmyhosting.se\\\/wp-content\\\/uploads\\\/sites\\\/4\\\/2021\\\/03\\\/haparanda_og.jpg\",\"width\":1200,\"height\":630,\"caption\":\"Haparanda Stadshotell AB\"},\"image\":{\"@id\":\"https:\\\/\\\/www.haparandastadshotell.se\\\/en\\\/#\\\/schema\\\/logo\\\/image\\\/\"},\"sameAs\":[\"https:\\\/\\\/www.facebook.com\\\/HaparandaStadshotell\"]}]}<\/script>\n<!-- \/ Yoast SEO plugin. -->","yoast_head_json":{"title":"A stay in history - Haparanda Stadshotell","robots":{"index":"index","follow":"follow","max-snippet":"max-snippet:-1","max-image-preview":"max-image-preview:large","max-video-preview":"max-video-preview:-1"},"canonical":"https:\/\/www.haparandastadshotell.se\/en\/a-stay-in-history\/","og_locale":"en_US","og_type":"article","og_title":"A stay in history - Haparanda Stadshotell","og_url":"https:\/\/www.haparandastadshotell.se\/en\/a-stay-in-history\/","og_site_name":"Haparanda Stadshotell","article_publisher":"https:\/\/www.facebook.com\/HaparandaStadshotell","article_modified_time":"2026-03-25T13:42:42+00:00","og_image":[{"width":1200,"height":630,"url":"https:\/\/coastallapland.ohmyhosting.se\/wp-content\/uploads\/sites\/4\/2021\/03\/haparanda_og.jpg","type":"image\/jpeg"}],"twitter_card":"summary_large_image","schema":{"@context":"https:\/\/schema.org","@graph":[{"@type":"WebPage","@id":"https:\/\/www.haparandastadshotell.se\/en\/a-stay-in-history\/","url":"https:\/\/www.haparandastadshotell.se\/en\/a-stay-in-history\/","name":"A stay in history - Haparanda Stadshotell","isPartOf":{"@id":"https:\/\/www.haparandastadshotell.se\/en\/#website"},"datePublished":"2021-11-02T09:02:16+00:00","dateModified":"2026-03-25T13:42:42+00:00","breadcrumb":{"@id":"https:\/\/www.haparandastadshotell.se\/en\/a-stay-in-history\/#breadcrumb"},"inLanguage":"en-US","potentialAction":[{"@type":"ReadAction","target":["https:\/\/www.haparandastadshotell.se\/en\/a-stay-in-history\/"]}]},{"@type":"BreadcrumbList","@id":"https:\/\/www.haparandastadshotell.se\/en\/a-stay-in-history\/#breadcrumb","itemListElement":[{"@type":"ListItem","position":1,"name":"Home","item":"https:\/\/www.haparandastadshotell.se\/en\/"},{"@type":"ListItem","position":2,"name":"A stay in history"}]},{"@type":"WebSite","@id":"https:\/\/www.haparandastadshotell.se\/en\/#website","url":"https:\/\/www.haparandastadshotell.se\/en\/","name":"Haparanda Stadshotell","description":"Ett av sekelskiftets mest ber\u00f6mda hotell med den gamla genuina karakt\u00e4ren av ett stadshotell; r\u00f6d plysch, kristallkronor, stuckatur.","publisher":{"@id":"https:\/\/www.haparandastadshotell.se\/en\/#organization"},"potentialAction":[{"@type":"SearchAction","target":{"@type":"EntryPoint","urlTemplate":"https:\/\/www.haparandastadshotell.se\/en\/?s={search_term_string}"},"query-input":{"@type":"PropertyValueSpecification","valueRequired":true,"valueName":"search_term_string"}}],"inLanguage":"en-US"},{"@type":"Organization","@id":"https:\/\/www.haparandastadshotell.se\/en\/#organization","name":"Haparanda Stadshotell AB","alternateName":"Haparanda Stadshotell AB","url":"https:\/\/www.haparandastadshotell.se\/en\/","logo":{"@type":"ImageObject","inLanguage":"en-US","@id":"https:\/\/www.haparandastadshotell.se\/en\/#\/schema\/logo\/image\/","url":"https:\/\/coastallapland.ohmyhosting.se\/wp-content\/uploads\/sites\/4\/2021\/03\/haparanda_og.jpg","contentUrl":"https:\/\/coastallapland.ohmyhosting.se\/wp-content\/uploads\/sites\/4\/2021\/03\/haparanda_og.jpg","width":1200,"height":630,"caption":"Haparanda Stadshotell AB"},"image":{"@id":"https:\/\/www.haparandastadshotell.se\/en\/#\/schema\/logo\/image\/"},"sameAs":["https:\/\/www.facebook.com\/HaparandaStadshotell"]}]}},"_links":{"self":[{"href":"https:\/\/www.haparandastadshotell.se\/en\/wp-json\/wp\/v2\/pages\/919","targetHints":{"allow":["GET"]}}],"collection":[{"href":"https:\/\/www.haparandastadshotell.se\/en\/wp-json\/wp\/v2\/pages"}],"about":[{"href":"https:\/\/www.haparandastadshotell.se\/en\/wp-json\/wp\/v2\/types\/page"}],"author":[{"embeddable":true,"href":"https:\/\/www.haparandastadshotell.se\/en\/wp-json\/wp\/v2\/users\/4"}],"replies":[{"embeddable":true,"href":"https:\/\/www.haparandastadshotell.se\/en\/wp-json\/wp\/v2\/comments?post=919"}],"version-history":[{"count":1,"href":"https:\/\/www.haparandastadshotell.se\/en\/wp-json\/wp\/v2\/pages\/919\/revisions"}],"predecessor-version":[{"id":923,"href":"https:\/\/www.haparandastadshotell.se\/en\/wp-json\/wp\/v2\/pages\/919\/revisions\/923"}],"wp:attachment":[{"href":"https:\/\/www.haparandastadshotell.se\/en\/wp-json\/wp\/v2\/media?parent=919"}],"curies":[{"name":"wp","href":"https:\/\/api.w.org\/{rel}","templated":true}]}}